{"id":337,"date":"2023-06-19T16:54:41","date_gmt":"2023-06-19T15:54:41","guid":{"rendered":"https:\/\/www.bauundfreizeitmarkt-glowe.de\/?page_id=337"},"modified":"2023-06-19T16:54:41","modified_gmt":"2023-06-19T15:54:41","slug":"angelbedarf","status":"publish","type":"page","link":"https:\/\/www.bauundfreizeitmarkt-glowe.de\/?page_id=337","title":{"rendered":"Angelbedarf"},"content":{"rendered":"\n<div class=\"wp-block-cover has-background-dim\"><img decoding=\"async\" loading=\"lazy\" width=\"334\" height=\"234\" class=\"wp-block-cover__image-background wp-image-110\" alt=\"\" src=\"https:\/\/www.bauundfreizeitmarkt-glowe.de\/wp-content\/uploads\/2023\/04\/Anglererlaubnis_Kuestengewaesser_Muster.jpg\" data-object-fit=\"cover\" srcset=\"https:\/\/www.bauundfreizeitmarkt-glowe.de\/wp-content\/uploads\/2023\/04\/Anglererlaubnis_Kuestengewaesser_Muster.jpg 334w, https:\/\/www.bauundfreizeitmarkt-glowe.de\/wp-content\/uploads\/2023\/04\/Anglererlaubnis_Kuestengewaesser_Muster-300x210.jpg 300w\" sizes=\"(max-width: 334px) 100vw, 334px\" \/><div class=\"wp-block-cover__inner-container\">\n<p class=\"has-text-align-center has-large-font-size\">Ausgabestelle f\u00fcr ANGELBERECHTIGUNSKARTEN MV<\/p>\n<\/div><\/div>\n\n\n\n<ul><li>Ruten<\/li><li>Rollen<\/li><li>Kescher<\/li><li>Blinker \/ Spinner<\/li><li>Wobbler<\/li><li>Gummifisch<\/li><li>Meerforellen-Programm<\/li><li>Pilker<\/li><li>Angelzubeh\u00f6r<\/li><li>Taschen, Futterale, Boxen, Ger\u00e4tek\u00e4sten<\/li><li>Wathosen<\/li><li>K\u00fchlboxen<\/li><li>Crushed Ice und Eisw\u00fcrfel<\/li><li>Angelboote \u201eFish Hunter\u201c<\/li><li>Lebendk\u00f6der saisonal<\/li><li>uvm \u2026  <\/li><\/ul>\n\n\n\n<figure class=\"is-layout-flex wp-block-gallery-1 wp-block-gallery columns-3 is-cropped\"><ul class=\"blocks-gallery-grid\"><li class=\"blocks-gallery-item\"><figure><img decoding=\"async\" loading=\"lazy\" width=\"254\" height=\"258\" src=\"https:\/\/www.bauundfreizeitmarkt-glowe.de\/wp-content\/uploads\/2023\/06\/angelbedarf_7-e1687190058345.jpg\" alt=\"\" data-id=\"280\" data-full-url=\"https:\/\/www.bauundfreizeitmarkt-glowe.de\/wp-content\/uploads\/2023\/06\/angelbedarf_7-e1687190058345.jpg\" data-link=\"https:\/\/www.bauundfreizeitmarkt-glowe.de\/?attachment_id=280\" class=\"wp-image-280\"\/><\/figure><\/li><li class=\"blocks-gallery-item\"><figure><img decoding=\"async\" loading=\"lazy\" width=\"304\" height=\"304\" src=\"https:\/\/www.bauundfreizeitmarkt-glowe.de\/wp-content\/uploads\/2023\/06\/angelbedarf_4.jpg\" alt=\"\" data-id=\"277\" data-full-url=\"https:\/\/www.bauundfreizeitmarkt-glowe.de\/wp-content\/uploads\/2023\/06\/angelbedarf_4.jpg\" data-link=\"https:\/\/www.bauundfreizeitmarkt-glowe.de\/?attachment_id=277\" class=\"wp-image-277\" srcset=\"https:\/\/www.bauundfreizeitmarkt-glowe.de\/wp-content\/uploads\/2023\/06\/angelbedarf_4.jpg 304w, https:\/\/www.bauundfreizeitmarkt-glowe.de\/wp-content\/uploads\/2023\/06\/angelbedarf_4-300x300.jpg 300w, https:\/\/www.bauundfreizeitmarkt-glowe.de\/wp-content\/uploads\/2023\/06\/angelbedarf_4-150x150.jpg 150w\" sizes=\"(max-width: 304px) 100vw, 304px\" \/><\/figure><\/li><li class=\"blocks-gallery-item\"><figure><img decoding=\"async\" loading=\"lazy\" width=\"336\" height=\"272\" src=\"https:\/\/www.bauundfreizeitmarkt-glowe.de\/wp-content\/uploads\/2023\/06\/angelbedarf_8.jpg\" alt=\"\" data-id=\"281\" data-full-url=\"https:\/\/www.bauundfreizeitmarkt-glowe.de\/wp-content\/uploads\/2023\/06\/angelbedarf_8.jpg\" data-link=\"https:\/\/www.bauundfreizeitmarkt-glowe.de\/?attachment_id=281\" class=\"wp-image-281\" srcset=\"https:\/\/www.bauundfreizeitmarkt-glowe.de\/wp-content\/uploads\/2023\/06\/angelbedarf_8.jpg 336w, https:\/\/www.bauundfreizeitmarkt-glowe.de\/wp-content\/uploads\/2023\/06\/angelbedarf_8-300x243.jpg 300w\" sizes=\"(max-width: 336px) 100vw, 336px\" \/><\/figure><\/li><li class=\"blocks-gallery-item\"><figure><img decoding=\"async\" loading=\"lazy\" width=\"146\" height=\"240\" src=\"https:\/\/www.bauundfreizeitmarkt-glowe.de\/wp-content\/uploads\/2023\/06\/angelbedarf_2.jpg\" alt=\"\" data-id=\"275\" data-full-url=\"https:\/\/www.bauundfreizeitmarkt-glowe.de\/wp-content\/uploads\/2023\/06\/angelbedarf_2.jpg\" data-link=\"https:\/\/www.bauundfreizeitmarkt-glowe.de\/?attachment_id=275\" class=\"wp-image-275\"\/><\/figure><\/li><li class=\"blocks-gallery-item\"><figure><img decoding=\"async\" loading=\"lazy\" width=\"116\" height=\"262\" src=\"https:\/\/www.bauundfreizeitmarkt-glowe.de\/wp-content\/uploads\/2023\/06\/angelbedarf_6.jpg\" alt=\"\" data-id=\"279\" data-full-url=\"https:\/\/www.bauundfreizeitmarkt-glowe.de\/wp-content\/uploads\/2023\/06\/angelbedarf_6.jpg\" data-link=\"https:\/\/www.bauundfreizeitmarkt-glowe.de\/?attachment_id=279\" class=\"wp-image-279\"\/><\/figure><\/li><li class=\"blocks-gallery-item\"><figure><img decoding=\"async\" loading=\"lazy\" width=\"218\" height=\"214\" src=\"https:\/\/www.bauundfreizeitmarkt-glowe.de\/wp-content\/uploads\/2023\/06\/angelbedarf_3.jpg\" alt=\"\" data-id=\"276\" data-full-url=\"https:\/\/www.bauundfreizeitmarkt-glowe.de\/wp-content\/uploads\/2023\/06\/angelbedarf_3.jpg\" data-link=\"https:\/\/www.bauundfreizeitmarkt-glowe.de\/?attachment_id=276\" class=\"wp-image-276\"\/><\/figure><\/li><li class=\"blocks-gallery-item\"><figure><img decoding=\"async\" loading=\"lazy\" width=\"218\" height=\"156\" src=\"https:\/\/www.bauundfreizeitmarkt-glowe.de\/wp-content\/uploads\/2023\/06\/angelbedarf_5-e1687190039538.jpg\" alt=\"\" data-id=\"278\" data-full-url=\"https:\/\/www.bauundfreizeitmarkt-glowe.de\/wp-content\/uploads\/2023\/06\/angelbedarf_5-e1687190039538.jpg\" data-link=\"https:\/\/www.bauundfreizeitmarkt-glowe.de\/?attachment_id=278\" class=\"wp-image-278\"\/><\/figure><\/li><li class=\"blocks-gallery-item\"><figure><img decoding=\"async\" loading=\"lazy\" width=\"406\" height=\"204\" src=\"https:\/\/www.bauundfreizeitmarkt-glowe.de\/wp-content\/uploads\/2023\/06\/angelbedarf_1.jpg\" alt=\"\" data-id=\"274\" data-full-url=\"https:\/\/www.bauundfreizeitmarkt-glowe.de\/wp-content\/uploads\/2023\/06\/angelbedarf_1.jpg\" data-link=\"https:\/\/www.bauundfreizeitmarkt-glowe.de\/?attachment_id=274\" class=\"wp-image-274\" srcset=\"https:\/\/www.bauundfreizeitmarkt-glowe.de\/wp-content\/uploads\/2023\/06\/angelbedarf_1.jpg 406w, https:\/\/www.bauundfreizeitmarkt-glowe.de\/wp-content\/uploads\/2023\/06\/angelbedarf_1-300x151.jpg 300w\" sizes=\"(max-width: 406px) 100vw, 406px\" \/><\/figure><\/li><\/ul><\/figure>\n","protected":false},"excerpt":{"rendered":"<p>Ruten Rollen Kescher Blinker \/ Spinner Wobbler Gummifisch Meerforellen-Programm Pilker Angelzubeh\u00f6r Taschen, Futterale, Boxen, Ger\u00e4tek\u00e4sten Wathosen K\u00fchlboxen Crushed Ice und Eisw\u00fcrfel Angelboote \u201eFish Hunter\u201c Lebendk\u00f6der saisonal uvm \u2026<\/p>\n","protected":false},"author":1,"featured_media":0,"parent":80,"menu_order":0,"comment_status":"closed","ping_status":"closed","template":"","meta":[],"_links":{"self":[{"href":"https:\/\/www.bauundfreizeitmarkt-glowe.de\/index.php?rest_route=\/wp\/v2\/pages\/337"}],"collection":[{"href":"https:\/\/www.bauundfreizeitmarkt-glowe.de\/index.php?rest_route=\/wp\/v2\/pages"}],"about":[{"href":"https:\/\/www.bauundfreizeitmarkt-glowe.de\/index.php?rest_route=\/wp\/v2\/types\/page"}],"author":[{"embeddable":true,"href":"https:\/\/www.bauundfreizeitmarkt-glowe.de\/index.php?rest_route=\/wp\/v2\/users\/1"}],"replies":[{"embeddable":true,"href":"https:\/\/www.bauundfreizeitmarkt-glowe.de\/index.php?rest_route=%2Fwp%2Fv2%2Fcomments&post=337"}],"version-history":[{"count":1,"href":"https:\/\/www.bauundfreizeitmarkt-glowe.de\/index.php?rest_route=\/wp\/v2\/pages\/337\/revisions"}],"predecessor-version":[{"id":338,"href":"https:\/\/www.bauundfreizeitmarkt-glowe.de\/index.php?rest_route=\/wp\/v2\/pages\/337\/revisions\/338"}],"up":[{"embeddable":true,"href":"https:\/\/www.bauundfreizeitmarkt-glowe.de\/index.php?rest_route=\/wp\/v2\/pages\/80"}],"wp:attachment":[{"href":"https:\/\/www.bauundfreizeitmarkt-glowe.de\/index.php?rest_route=%2Fwp%2Fv2%2Fmedia&parent=337"}],"curies":[{"name":"wp","href":"https:\/\/api.w.org\/{rel}","templated":true}]}}