{"id":331,"date":"2023-06-19T16:37:58","date_gmt":"2023-06-19T15:37:58","guid":{"rendered":"https:\/\/www.bauundfreizeitmarkt-glowe.de\/?page_id=331"},"modified":"2023-06-19T16:37:58","modified_gmt":"2023-06-19T15:37:58","slug":"freizeit-camping","status":"publish","type":"page","link":"https:\/\/www.bauundfreizeitmarkt-glowe.de\/?page_id=331","title":{"rendered":"Freizeit &#038; Camping"},"content":{"rendered":"\n<div class=\"is-layout-flex wp-container-3 wp-block-columns\">\n<div class=\"is-layout-flow wp-block-column\">\n<h3>Campingbedarf<\/h3>\n\n\n\n<ul><li>Gaskartuschen<\/li><li>Propangas<\/li><li>Campinggas (blau)<\/li><li>Gaskocher &amp; Gasleuchten<\/li><li>Campinggeschirr &amp; Haushaltshelfer<\/li><li>Zelte &amp; Zubeh\u00f6r<\/li><li>Schlafs\u00e4cke &amp; Luftbetten<\/li><li>Sonnensegel<\/li><li>Campingst\u00fchle, Liegen &amp; Tische<\/li><li>Campingschr\u00e4nke &amp; Campingk\u00fcche<\/li><li>K\u00fchlboxen<\/li><li>CCE Adapter<\/li><li>Grill &amp; Grillkohle<\/li><li>Toilettenzubeh\u00f6r<\/li><li>Insektenschutz<\/li><li>\u2026 und vieles mehr  <\/li><\/ul>\n<\/div>\n\n\n\n<div class=\"is-layout-flow wp-block-column\">\n<h3>Strand- und Freizeitartikel<\/h3>\n\n\n\n<ul><li>Windschutz &amp; Strandmuscheln<\/li><li>Sonnenschirme<\/li><li>Luftmatraatzen<\/li><li>Schlauchboote<\/li><li>Strandspielzeug<\/li><li>Strandst\u00fchle<\/li><li>diverse Drachen<\/li><li>Spielzeuge &amp; Gesellschaftsspiele  <\/li><\/ul>\n<\/div>\n<\/div>\n\n\n\n<figure class=\"is-layout-flex wp-block-gallery-4 wp-block-gallery columns-3 is-cropped\"><ul class=\"blocks-gallery-grid\"><li class=\"blocks-gallery-item\"><figure><img decoding=\"async\" loading=\"lazy\" width=\"304\" height=\"302\" src=\"https:\/\/www.bauundfreizeitmarkt-glowe.de\/wp-content\/uploads\/2023\/06\/camping_freizeit_7.jpg\" alt=\"\" data-id=\"262\" data-full-url=\"https:\/\/www.bauundfreizeitmarkt-glowe.de\/wp-content\/uploads\/2023\/06\/camping_freizeit_7.jpg\" data-link=\"https:\/\/www.bauundfreizeitmarkt-glowe.de\/?attachment_id=262\" class=\"wp-image-262\" srcset=\"https:\/\/www.bauundfreizeitmarkt-glowe.de\/wp-content\/uploads\/2023\/06\/camping_freizeit_7.jpg 304w, https:\/\/www.bauundfreizeitmarkt-glowe.de\/wp-content\/uploads\/2023\/06\/camping_freizeit_7-300x298.jpg 300w, https:\/\/www.bauundfreizeitmarkt-glowe.de\/wp-content\/uploads\/2023\/06\/camping_freizeit_7-150x150.jpg 150w\" sizes=\"(max-width: 304px) 100vw, 304px\" \/><figcaption class=\"blocks-gallery-item__caption\">Drachen<\/figcaption><\/figure><\/li><li class=\"blocks-gallery-item\"><figure><img decoding=\"async\" loading=\"lazy\" width=\"350\" height=\"310\" src=\"https:\/\/www.bauundfreizeitmarkt-glowe.de\/wp-content\/uploads\/2023\/06\/camping_freizeit_10.jpg\" alt=\"\" data-id=\"265\" data-full-url=\"https:\/\/www.bauundfreizeitmarkt-glowe.de\/wp-content\/uploads\/2023\/06\/camping_freizeit_10.jpg\" data-link=\"https:\/\/www.bauundfreizeitmarkt-glowe.de\/?attachment_id=265\" class=\"wp-image-265\" srcset=\"https:\/\/www.bauundfreizeitmarkt-glowe.de\/wp-content\/uploads\/2023\/06\/camping_freizeit_10.jpg 350w, https:\/\/www.bauundfreizeitmarkt-glowe.de\/wp-content\/uploads\/2023\/06\/camping_freizeit_10-300x266.jpg 300w\" sizes=\"(max-width: 350px) 100vw, 350px\" \/><figcaption class=\"blocks-gallery-item__caption\">Schlauchboote<\/figcaption><\/figure><\/li><li class=\"blocks-gallery-item\"><figure><img decoding=\"async\" loading=\"lazy\" width=\"362\" height=\"300\" src=\"https:\/\/www.bauundfreizeitmarkt-glowe.de\/wp-content\/uploads\/2023\/06\/camping_freizeit_5.jpg\" alt=\"\" data-id=\"260\" data-full-url=\"https:\/\/www.bauundfreizeitmarkt-glowe.de\/wp-content\/uploads\/2023\/06\/camping_freizeit_5.jpg\" data-link=\"https:\/\/www.bauundfreizeitmarkt-glowe.de\/?attachment_id=260\" class=\"wp-image-260\" srcset=\"https:\/\/www.bauundfreizeitmarkt-glowe.de\/wp-content\/uploads\/2023\/06\/camping_freizeit_5.jpg 362w, https:\/\/www.bauundfreizeitmarkt-glowe.de\/wp-content\/uploads\/2023\/06\/camping_freizeit_5-300x249.jpg 300w\" sizes=\"(max-width: 362px) 100vw, 362px\" \/><figcaption class=\"blocks-gallery-item__caption\">Luftmatraatzen<\/figcaption><\/figure><\/li><li class=\"blocks-gallery-item\"><figure><img decoding=\"async\" loading=\"lazy\" width=\"300\" height=\"300\" src=\"https:\/\/www.bauundfreizeitmarkt-glowe.de\/wp-content\/uploads\/2023\/06\/camping_freizeit_6.jpg\" alt=\"\" data-id=\"261\" data-full-url=\"https:\/\/www.bauundfreizeitmarkt-glowe.de\/wp-content\/uploads\/2023\/06\/camping_freizeit_6.jpg\" data-link=\"https:\/\/www.bauundfreizeitmarkt-glowe.de\/?attachment_id=261\" class=\"wp-image-261\" srcset=\"https:\/\/www.bauundfreizeitmarkt-glowe.de\/wp-content\/uploads\/2023\/06\/camping_freizeit_6.jpg 300w, https:\/\/www.bauundfreizeitmarkt-glowe.de\/wp-content\/uploads\/2023\/06\/camping_freizeit_6-150x150.jpg 150w\" sizes=\"(max-width: 300px) 100vw, 300px\" \/><figcaption class=\"blocks-gallery-item__caption\">Sonnenschirme<\/figcaption><\/figure><\/li><li class=\"blocks-gallery-item\"><figure><img decoding=\"async\" loading=\"lazy\" width=\"362\" height=\"262\" src=\"https:\/\/www.bauundfreizeitmarkt-glowe.de\/wp-content\/uploads\/2023\/06\/camping_freizeit_9.jpg\" alt=\"\" data-id=\"264\" data-full-url=\"https:\/\/www.bauundfreizeitmarkt-glowe.de\/wp-content\/uploads\/2023\/06\/camping_freizeit_9.jpg\" data-link=\"https:\/\/www.bauundfreizeitmarkt-glowe.de\/?attachment_id=264\" class=\"wp-image-264\" srcset=\"https:\/\/www.bauundfreizeitmarkt-glowe.de\/wp-content\/uploads\/2023\/06\/camping_freizeit_9.jpg 362w, https:\/\/www.bauundfreizeitmarkt-glowe.de\/wp-content\/uploads\/2023\/06\/camping_freizeit_9-300x217.jpg 300w\" sizes=\"(max-width: 362px) 100vw, 362px\" \/><figcaption class=\"blocks-gallery-item__caption\">Windschutz &#038; Strandmuscheln<\/figcaption><\/figure><\/li><li class=\"blocks-gallery-item\"><figure><img decoding=\"async\" loading=\"lazy\" width=\"322\" height=\"322\" src=\"https:\/\/www.bauundfreizeitmarkt-glowe.de\/wp-content\/uploads\/2023\/06\/camping_freizeit_8.jpg\" alt=\"\" data-id=\"263\" data-full-url=\"https:\/\/www.bauundfreizeitmarkt-glowe.de\/wp-content\/uploads\/2023\/06\/camping_freizeit_8.jpg\" data-link=\"https:\/\/www.bauundfreizeitmarkt-glowe.de\/?attachment_id=263\" class=\"wp-image-263\" srcset=\"https:\/\/www.bauundfreizeitmarkt-glowe.de\/wp-content\/uploads\/2023\/06\/camping_freizeit_8.jpg 322w, https:\/\/www.bauundfreizeitmarkt-glowe.de\/wp-content\/uploads\/2023\/06\/camping_freizeit_8-300x300.jpg 300w, https:\/\/www.bauundfreizeitmarkt-glowe.de\/wp-content\/uploads\/2023\/06\/camping_freizeit_8-150x150.jpg 150w\" sizes=\"(max-width: 322px) 100vw, 322px\" \/><figcaption class=\"blocks-gallery-item__caption\">Campingst\u00fchle<\/figcaption><\/figure><\/li><li class=\"blocks-gallery-item\"><figure><img decoding=\"async\" loading=\"lazy\" width=\"366\" height=\"294\" src=\"https:\/\/www.bauundfreizeitmarkt-glowe.de\/wp-content\/uploads\/2023\/06\/camping_freizeit_4.jpg\" alt=\"\" data-id=\"259\" data-full-url=\"https:\/\/www.bauundfreizeitmarkt-glowe.de\/wp-content\/uploads\/2023\/06\/camping_freizeit_4.jpg\" data-link=\"https:\/\/www.bauundfreizeitmarkt-glowe.de\/?attachment_id=259\" class=\"wp-image-259\" srcset=\"https:\/\/www.bauundfreizeitmarkt-glowe.de\/wp-content\/uploads\/2023\/06\/camping_freizeit_4.jpg 366w, https:\/\/www.bauundfreizeitmarkt-glowe.de\/wp-content\/uploads\/2023\/06\/camping_freizeit_4-300x241.jpg 300w\" sizes=\"(max-width: 366px) 100vw, 366px\" \/><figcaption class=\"blocks-gallery-item__caption\">Schlafs\u00e4cke &#038; Luftbetten<\/figcaption><\/figure><\/li><li class=\"blocks-gallery-item\"><figure><img decoding=\"async\" loading=\"lazy\" width=\"364\" height=\"276\" src=\"https:\/\/www.bauundfreizeitmarkt-glowe.de\/wp-content\/uploads\/2023\/06\/camping_freizeit_1.jpg\" alt=\"\" data-id=\"256\" data-full-url=\"https:\/\/www.bauundfreizeitmarkt-glowe.de\/wp-content\/uploads\/2023\/06\/camping_freizeit_1.jpg\" data-link=\"https:\/\/www.bauundfreizeitmarkt-glowe.de\/?attachment_id=256\" class=\"wp-image-256\" srcset=\"https:\/\/www.bauundfreizeitmarkt-glowe.de\/wp-content\/uploads\/2023\/06\/camping_freizeit_1.jpg 364w, https:\/\/www.bauundfreizeitmarkt-glowe.de\/wp-content\/uploads\/2023\/06\/camping_freizeit_1-300x227.jpg 300w\" sizes=\"(max-width: 364px) 100vw, 364px\" \/><figcaption class=\"blocks-gallery-item__caption\">Toilettenzubeh\u00f6r<\/figcaption><\/figure><\/li><li class=\"blocks-gallery-item\"><figure><img decoding=\"async\" loading=\"lazy\" width=\"268\" height=\"294\" src=\"https:\/\/www.bauundfreizeitmarkt-glowe.de\/wp-content\/uploads\/2023\/06\/camping_freizeit_2.jpg\" alt=\"\" data-id=\"257\" data-full-url=\"https:\/\/www.bauundfreizeitmarkt-glowe.de\/wp-content\/uploads\/2023\/06\/camping_freizeit_2.jpg\" data-link=\"https:\/\/www.bauundfreizeitmarkt-glowe.de\/?attachment_id=257\" class=\"wp-image-257\"\/><figcaption class=\"blocks-gallery-item__caption\">Gaskartuschen<\/figcaption><\/figure><\/li><li class=\"blocks-gallery-item\"><figure><img decoding=\"async\" loading=\"lazy\" width=\"418\" height=\"262\" src=\"https:\/\/www.bauundfreizeitmarkt-glowe.de\/wp-content\/uploads\/2023\/06\/camping_freizeit_3.jpg\" alt=\"\" data-id=\"258\" data-full-url=\"https:\/\/www.bauundfreizeitmarkt-glowe.de\/wp-content\/uploads\/2023\/06\/camping_freizeit_3.jpg\" data-link=\"https:\/\/www.bauundfreizeitmarkt-glowe.de\/?attachment_id=258\" class=\"wp-image-258\" srcset=\"https:\/\/www.bauundfreizeitmarkt-glowe.de\/wp-content\/uploads\/2023\/06\/camping_freizeit_3.jpg 418w, https:\/\/www.bauundfreizeitmarkt-glowe.de\/wp-content\/uploads\/2023\/06\/camping_freizeit_3-300x188.jpg 300w\" sizes=\"(max-width: 418px) 100vw, 418px\" \/><figcaption class=\"blocks-gallery-item__caption\">Campinggeschirr &#038; Haushaltshelfer<\/figcaption><\/figure><\/li><\/ul><\/figure>\n","protected":false},"excerpt":{"rendered":"<p>Campingbedarf Gaskartuschen Propangas Campinggas (blau) Gaskocher &amp; Gasleuchten Campinggeschirr &amp; Haushaltshelfer Zelte &amp; Zubeh\u00f6r Schlafs\u00e4cke &amp; Luftbetten Sonnensegel Campingst\u00fchle, Liegen &amp; Tische Campingschr\u00e4nke &amp; Campingk\u00fcche K\u00fchlboxen CCE Adapter Grill &amp; Grillkohle Toilettenzubeh\u00f6r Insektenschutz \u2026 und vieles mehr Strand- und Freizeitartikel Windschutz &amp; Strandmuscheln Sonnenschirme Luftmatraatzen Schlauchboote Strandspielzeug Strandst\u00fchle diverse Drachen Spielzeuge &amp; Gesellschaftsspiele<\/p>\n","protected":false},"author":1,"featured_media":0,"parent":80,"menu_order":0,"comment_status":"closed","ping_status":"closed","template":"","meta":[],"_links":{"self":[{"href":"https:\/\/www.bauundfreizeitmarkt-glowe.de\/index.php?rest_route=\/wp\/v2\/pages\/331"}],"collection":[{"href":"https:\/\/www.bauundfreizeitmarkt-glowe.de\/index.php?rest_route=\/wp\/v2\/pages"}],"about":[{"href":"https:\/\/www.bauundfreizeitmarkt-glowe.de\/index.php?rest_route=\/wp\/v2\/types\/page"}],"author":[{"embeddable":true,"href":"https:\/\/www.bauundfreizeitmarkt-glowe.de\/index.php?rest_route=\/wp\/v2\/users\/1"}],"replies":[{"embeddable":true,"href":"https:\/\/www.bauundfreizeitmarkt-glowe.de\/index.php?rest_route=%2Fwp%2Fv2%2Fcomments&post=331"}],"version-history":[{"count":1,"href":"https:\/\/www.bauundfreizeitmarkt-glowe.de\/index.php?rest_route=\/wp\/v2\/pages\/331\/revisions"}],"predecessor-version":[{"id":332,"href":"https:\/\/www.bauundfreizeitmarkt-glowe.de\/index.php?rest_route=\/wp\/v2\/pages\/331\/revisions\/332"}],"up":[{"embeddable":true,"href":"https:\/\/www.bauundfreizeitmarkt-glowe.de\/index.php?rest_route=\/wp\/v2\/pages\/80"}],"wp:attachment":[{"href":"https:\/\/www.bauundfreizeitmarkt-glowe.de\/index.php?rest_route=%2Fwp%2Fv2%2Fmedia&parent=331"}],"curies":[{"name":"wp","href":"https:\/\/api.w.org\/{rel}","templated":true}]}}