{"id":329,"date":"2023-06-19T16:31:24","date_gmt":"2023-06-19T15:31:24","guid":{"rendered":"https:\/\/www.bauundfreizeitmarkt-glowe.de\/?page_id=329"},"modified":"2023-06-19T16:31:24","modified_gmt":"2023-06-19T15:31:24","slug":"eisenwaren","status":"publish","type":"page","link":"https:\/\/www.bauundfreizeitmarkt-glowe.de\/?page_id=329","title":{"rendered":"Eisenwaren"},"content":{"rendered":"\n<ul><li>Schrauben<\/li><li>N\u00e4gel<\/li><li>D\u00fcbel<\/li><li>Befestigungswinkel<\/li><li>Bodeneinschlagh\u00fclsen<\/li><li>Pfostentr\u00e4ger<\/li><li>Ketten und Seile<\/li><li>Warn- und Hinweisschilder<\/li><li>Briefk\u00e4sten<\/li><li>uvm.  <\/li><\/ul>\n\n\n\n<figure class=\"is-layout-flex wp-block-gallery-1 wp-block-gallery columns-3 is-cropped\"><ul class=\"blocks-gallery-grid\"><li class=\"blocks-gallery-item\"><figure><img decoding=\"async\" loading=\"lazy\" width=\"416\" height=\"264\" src=\"https:\/\/www.bauundfreizeitmarkt-glowe.de\/wp-content\/uploads\/2023\/06\/eisenwaren_4.jpg\" alt=\"\" data-id=\"255\" data-full-url=\"https:\/\/www.bauundfreizeitmarkt-glowe.de\/wp-content\/uploads\/2023\/06\/eisenwaren_4.jpg\" data-link=\"https:\/\/www.bauundfreizeitmarkt-glowe.de\/?attachment_id=255\" class=\"wp-image-255\" srcset=\"https:\/\/www.bauundfreizeitmarkt-glowe.de\/wp-content\/uploads\/2023\/06\/eisenwaren_4.jpg 416w, https:\/\/www.bauundfreizeitmarkt-glowe.de\/wp-content\/uploads\/2023\/06\/eisenwaren_4-300x190.jpg 300w\" sizes=\"(max-width: 416px) 100vw, 416px\" \/><figcaption class=\"blocks-gallery-item__caption\">Schrauben und D\u00fcbel<\/figcaption><\/figure><\/li><li class=\"blocks-gallery-item\"><figure><img decoding=\"async\" loading=\"lazy\" width=\"290\" height=\"290\" src=\"https:\/\/www.bauundfreizeitmarkt-glowe.de\/wp-content\/uploads\/2023\/06\/eisenwaren_3.jpg\" alt=\"\" data-id=\"254\" data-full-url=\"https:\/\/www.bauundfreizeitmarkt-glowe.de\/wp-content\/uploads\/2023\/06\/eisenwaren_3.jpg\" data-link=\"https:\/\/www.bauundfreizeitmarkt-glowe.de\/?attachment_id=254\" class=\"wp-image-254\" srcset=\"https:\/\/www.bauundfreizeitmarkt-glowe.de\/wp-content\/uploads\/2023\/06\/eisenwaren_3.jpg 290w, https:\/\/www.bauundfreizeitmarkt-glowe.de\/wp-content\/uploads\/2023\/06\/eisenwaren_3-150x150.jpg 150w\" sizes=\"(max-width: 290px) 100vw, 290px\" \/><figcaption class=\"blocks-gallery-item__caption\">Pfostentr\u00e4ger<\/figcaption><\/figure><\/li><li class=\"blocks-gallery-item\"><figure><img decoding=\"async\" loading=\"lazy\" width=\"238\" height=\"238\" src=\"https:\/\/www.bauundfreizeitmarkt-glowe.de\/wp-content\/uploads\/2023\/06\/eisenwaren_2.jpg\" alt=\"\" data-id=\"253\" data-full-url=\"https:\/\/www.bauundfreizeitmarkt-glowe.de\/wp-content\/uploads\/2023\/06\/eisenwaren_2.jpg\" data-link=\"https:\/\/www.bauundfreizeitmarkt-glowe.de\/?attachment_id=253\" class=\"wp-image-253\" srcset=\"https:\/\/www.bauundfreizeitmarkt-glowe.de\/wp-content\/uploads\/2023\/06\/eisenwaren_2.jpg 238w, https:\/\/www.bauundfreizeitmarkt-glowe.de\/wp-content\/uploads\/2023\/06\/eisenwaren_2-150x150.jpg 150w\" sizes=\"(max-width: 238px) 100vw, 238px\" \/><figcaption class=\"blocks-gallery-item__caption\">Befestigungswinkel<\/figcaption><\/figure><\/li><li class=\"blocks-gallery-item\"><figure><img decoding=\"async\" loading=\"lazy\" width=\"346\" height=\"260\" src=\"https:\/\/www.bauundfreizeitmarkt-glowe.de\/wp-content\/uploads\/2023\/06\/eisenwaren_1.jpg\" alt=\"\" data-id=\"252\" data-full-url=\"https:\/\/www.bauundfreizeitmarkt-glowe.de\/wp-content\/uploads\/2023\/06\/eisenwaren_1.jpg\" data-link=\"https:\/\/www.bauundfreizeitmarkt-glowe.de\/?attachment_id=252\" class=\"wp-image-252\" srcset=\"https:\/\/www.bauundfreizeitmarkt-glowe.de\/wp-content\/uploads\/2023\/06\/eisenwaren_1.jpg 346w, https:\/\/www.bauundfreizeitmarkt-glowe.de\/wp-content\/uploads\/2023\/06\/eisenwaren_1-300x225.jpg 300w\" sizes=\"(max-width: 346px) 100vw, 346px\" \/><figcaption class=\"blocks-gallery-item__caption\">Briefk\u00e4sten<\/figcaption><\/figure><\/li><\/ul><\/figure>\n","protected":false},"excerpt":{"rendered":"<p>Schrauben N\u00e4gel D\u00fcbel Befestigungswinkel Bodeneinschlagh\u00fclsen Pfostentr\u00e4ger Ketten und Seile Warn- und Hinweisschilder Briefk\u00e4sten uvm.<\/p>\n","protected":false},"author":1,"featured_media":0,"parent":80,"menu_order":0,"comment_status":"closed","ping_status":"closed","template":"","meta":[],"_links":{"self":[{"href":"https:\/\/www.bauundfreizeitmarkt-glowe.de\/index.php?rest_route=\/wp\/v2\/pages\/329"}],"collection":[{"href":"https:\/\/www.bauundfreizeitmarkt-glowe.de\/index.php?rest_route=\/wp\/v2\/pages"}],"about":[{"href":"https:\/\/www.bauundfreizeitmarkt-glowe.de\/index.php?rest_route=\/wp\/v2\/types\/page"}],"author":[{"embeddable":true,"href":"https:\/\/www.bauundfreizeitmarkt-glowe.de\/index.php?rest_route=\/wp\/v2\/users\/1"}],"replies":[{"embeddable":true,"href":"https:\/\/www.bauundfreizeitmarkt-glowe.de\/index.php?rest_route=%2Fwp%2Fv2%2Fcomments&post=329"}],"version-history":[{"count":1,"href":"https:\/\/www.bauundfreizeitmarkt-glowe.de\/index.php?rest_route=\/wp\/v2\/pages\/329\/revisions"}],"predecessor-version":[{"id":330,"href":"https:\/\/www.bauundfreizeitmarkt-glowe.de\/index.php?rest_route=\/wp\/v2\/pages\/329\/revisions\/330"}],"up":[{"embeddable":true,"href":"https:\/\/www.bauundfreizeitmarkt-glowe.de\/index.php?rest_route=\/wp\/v2\/pages\/80"}],"wp:attachment":[{"href":"https:\/\/www.bauundfreizeitmarkt-glowe.de\/index.php?rest_route=%2Fwp%2Fv2%2Fmedia&parent=329"}],"curies":[{"name":"wp","href":"https:\/\/api.w.org\/{rel}","templated":true}]}}