{"id":327,"date":"2023-06-19T16:29:09","date_gmt":"2023-06-19T15:29:09","guid":{"rendered":"https:\/\/www.bauundfreizeitmarkt-glowe.de\/?page_id=327"},"modified":"2023-06-19T16:29:09","modified_gmt":"2023-06-19T15:29:09","slug":"gartenabteilung","status":"publish","type":"page","link":"https:\/\/www.bauundfreizeitmarkt-glowe.de\/?page_id=327","title":{"rendered":"Gartenabteilung"},"content":{"rendered":"\n<ul><li>Pflanz- und Blumenerden<\/li><li>D\u00fcnger<\/li><li>Gartenger\u00e4te<\/li><li>Z\u00e4une<\/li><li>Gartenholz<\/li><li>Gartenh\u00e4user<\/li><li>Carport<\/li><li>Pflanzenschutzmittel<\/li><li>Pflanzgef\u00e4\u00dfe<\/li><li>Wasserschl\u00e4uche &amp; Zubeh\u00f6r<\/li><li>Tauchpumpen<\/li><li>Lichtplatten &amp; Stegplatten<\/li><li>Dachrinnen<\/li><li>Abdeckplanen<\/li><li>saisonal:<ul><li>Blumen &amp; Pflanzen<\/li><li>Saatgut<\/li><li>Pflanzkartoffeln<\/li><li>Streusalz  <\/li><\/ul><\/li><\/ul>\n\n\n\n<figure class=\"is-layout-flex wp-block-gallery-1 wp-block-gallery columns-3 is-cropped\"><ul class=\"blocks-gallery-grid\"><li class=\"blocks-gallery-item\"><figure><img decoding=\"async\" loading=\"lazy\" width=\"414\" height=\"310\" src=\"https:\/\/www.bauundfreizeitmarkt-glowe.de\/wp-content\/uploads\/2023\/06\/garten_11.jpg\" alt=\"\" data-id=\"251\" data-full-url=\"https:\/\/www.bauundfreizeitmarkt-glowe.de\/wp-content\/uploads\/2023\/06\/garten_11.jpg\" data-link=\"https:\/\/www.bauundfreizeitmarkt-glowe.de\/?attachment_id=251\" class=\"wp-image-251\" srcset=\"https:\/\/www.bauundfreizeitmarkt-glowe.de\/wp-content\/uploads\/2023\/06\/garten_11.jpg 414w, https:\/\/www.bauundfreizeitmarkt-glowe.de\/wp-content\/uploads\/2023\/06\/garten_11-300x225.jpg 300w\" sizes=\"(max-width: 414px) 100vw, 414px\" \/><figcaption class=\"blocks-gallery-item__caption\">D\u00fcnger<\/figcaption><\/figure><\/li><li class=\"blocks-gallery-item\"><figure><img decoding=\"async\" loading=\"lazy\" width=\"238\" height=\"124\" src=\"https:\/\/www.bauundfreizeitmarkt-glowe.de\/wp-content\/uploads\/2023\/06\/garten_9.jpg\" alt=\"\" data-id=\"249\" data-full-url=\"https:\/\/www.bauundfreizeitmarkt-glowe.de\/wp-content\/uploads\/2023\/06\/garten_9.jpg\" data-link=\"https:\/\/www.bauundfreizeitmarkt-glowe.de\/?attachment_id=249\" class=\"wp-image-249\"\/><figcaption class=\"blocks-gallery-item__caption\">Wasserschl\u00e4uche &#038; Zubeh\u00f6r<\/figcaption><\/figure><\/li><li class=\"blocks-gallery-item\"><figure><img decoding=\"async\" loading=\"lazy\" width=\"166\" height=\"168\" src=\"https:\/\/www.bauundfreizeitmarkt-glowe.de\/wp-content\/uploads\/2023\/06\/garten_8.jpg\" alt=\"\" data-id=\"248\" data-full-url=\"https:\/\/www.bauundfreizeitmarkt-glowe.de\/wp-content\/uploads\/2023\/06\/garten_8.jpg\" data-link=\"https:\/\/www.bauundfreizeitmarkt-glowe.de\/?attachment_id=248\" class=\"wp-image-248\"\/><figcaption class=\"blocks-gallery-item__caption\">Wasserschl\u00e4uche &#038; Zubeh\u00f6r<\/figcaption><\/figure><\/li><li class=\"blocks-gallery-item\"><figure><img decoding=\"async\" loading=\"lazy\" width=\"208\" height=\"242\" src=\"https:\/\/www.bauundfreizeitmarkt-glowe.de\/wp-content\/uploads\/2023\/06\/garten_10.jpg\" alt=\"\" data-id=\"250\" data-full-url=\"https:\/\/www.bauundfreizeitmarkt-glowe.de\/wp-content\/uploads\/2023\/06\/garten_10.jpg\" data-link=\"https:\/\/www.bauundfreizeitmarkt-glowe.de\/?attachment_id=250\" class=\"wp-image-250\"\/><figcaption class=\"blocks-gallery-item__caption\">Wasserschl\u00e4uche &#038; Zubeh\u00f6r<\/figcaption><\/figure><\/li><li class=\"blocks-gallery-item\"><figure><img decoding=\"async\" loading=\"lazy\" width=\"172\" height=\"190\" src=\"https:\/\/www.bauundfreizeitmarkt-glowe.de\/wp-content\/uploads\/2023\/06\/garten_7.jpg\" alt=\"\" data-id=\"247\" data-full-url=\"https:\/\/www.bauundfreizeitmarkt-glowe.de\/wp-content\/uploads\/2023\/06\/garten_7.jpg\" data-link=\"https:\/\/www.bauundfreizeitmarkt-glowe.de\/?attachment_id=247\" class=\"wp-image-247\"\/><figcaption class=\"blocks-gallery-item__caption\">Tauchpumpen<\/figcaption><\/figure><\/li><li class=\"blocks-gallery-item\"><figure><img decoding=\"async\" loading=\"lazy\" width=\"208\" height=\"272\" src=\"https:\/\/www.bauundfreizeitmarkt-glowe.de\/wp-content\/uploads\/2023\/06\/garten_6.jpg\" alt=\"\" data-id=\"246\" data-full-url=\"https:\/\/www.bauundfreizeitmarkt-glowe.de\/wp-content\/uploads\/2023\/06\/garten_6.jpg\" data-link=\"https:\/\/www.bauundfreizeitmarkt-glowe.de\/?attachment_id=246\" class=\"wp-image-246\"\/><figcaption class=\"blocks-gallery-item__caption\">Tauchpumpen<\/figcaption><\/figure><\/li><li class=\"blocks-gallery-item\"><figure><img decoding=\"async\" loading=\"lazy\" width=\"378\" height=\"236\" src=\"https:\/\/www.bauundfreizeitmarkt-glowe.de\/wp-content\/uploads\/2023\/06\/garten_1.jpg\" alt=\"\" data-id=\"241\" data-full-url=\"https:\/\/www.bauundfreizeitmarkt-glowe.de\/wp-content\/uploads\/2023\/06\/garten_1.jpg\" data-link=\"https:\/\/www.bauundfreizeitmarkt-glowe.de\/?attachment_id=241\" class=\"wp-image-241\" srcset=\"https:\/\/www.bauundfreizeitmarkt-glowe.de\/wp-content\/uploads\/2023\/06\/garten_1.jpg 378w, https:\/\/www.bauundfreizeitmarkt-glowe.de\/wp-content\/uploads\/2023\/06\/garten_1-300x187.jpg 300w\" sizes=\"(max-width: 378px) 100vw, 378px\" \/><figcaption class=\"blocks-gallery-item__caption\">Carport<\/figcaption><\/figure><\/li><li class=\"blocks-gallery-item\"><figure><img decoding=\"async\" loading=\"lazy\" width=\"414\" height=\"284\" src=\"https:\/\/www.bauundfreizeitmarkt-glowe.de\/wp-content\/uploads\/2023\/06\/garten_4.jpg\" alt=\"\" data-id=\"244\" data-full-url=\"https:\/\/www.bauundfreizeitmarkt-glowe.de\/wp-content\/uploads\/2023\/06\/garten_4.jpg\" data-link=\"https:\/\/www.bauundfreizeitmarkt-glowe.de\/?attachment_id=244\" class=\"wp-image-244\" srcset=\"https:\/\/www.bauundfreizeitmarkt-glowe.de\/wp-content\/uploads\/2023\/06\/garten_4.jpg 414w, https:\/\/www.bauundfreizeitmarkt-glowe.de\/wp-content\/uploads\/2023\/06\/garten_4-300x206.jpg 300w\" sizes=\"(max-width: 414px) 100vw, 414px\" \/><figcaption class=\"blocks-gallery-item__caption\">Z\u00e4une<\/figcaption><\/figure><\/li><li class=\"blocks-gallery-item\"><figure><img decoding=\"async\" loading=\"lazy\" width=\"286\" height=\"312\" src=\"https:\/\/www.bauundfreizeitmarkt-glowe.de\/wp-content\/uploads\/2023\/06\/garten_3.jpg\" alt=\"\" data-id=\"243\" data-full-url=\"https:\/\/www.bauundfreizeitmarkt-glowe.de\/wp-content\/uploads\/2023\/06\/garten_3.jpg\" data-link=\"https:\/\/www.bauundfreizeitmarkt-glowe.de\/?attachment_id=243\" class=\"wp-image-243\" srcset=\"https:\/\/www.bauundfreizeitmarkt-glowe.de\/wp-content\/uploads\/2023\/06\/garten_3.jpg 286w, https:\/\/www.bauundfreizeitmarkt-glowe.de\/wp-content\/uploads\/2023\/06\/garten_3-275x300.jpg 275w\" sizes=\"(max-width: 286px) 100vw, 286px\" \/><figcaption class=\"blocks-gallery-item__caption\">Gartenger\u00e4te<\/figcaption><\/figure><\/li><li class=\"blocks-gallery-item\"><figure><img decoding=\"async\" loading=\"lazy\" width=\"442\" height=\"336\" src=\"https:\/\/www.bauundfreizeitmarkt-glowe.de\/wp-content\/uploads\/2023\/06\/garten_2.jpg\" alt=\"\" data-id=\"242\" data-full-url=\"https:\/\/www.bauundfreizeitmarkt-glowe.de\/wp-content\/uploads\/2023\/06\/garten_2.jpg\" data-link=\"https:\/\/www.bauundfreizeitmarkt-glowe.de\/?attachment_id=242\" class=\"wp-image-242\" srcset=\"https:\/\/www.bauundfreizeitmarkt-glowe.de\/wp-content\/uploads\/2023\/06\/garten_2.jpg 442w, https:\/\/www.bauundfreizeitmarkt-glowe.de\/wp-content\/uploads\/2023\/06\/garten_2-300x228.jpg 300w\" sizes=\"(max-width: 442px) 100vw, 442px\" \/><\/figure><\/li><li class=\"blocks-gallery-item\"><figure><img decoding=\"async\" loading=\"lazy\" width=\"392\" height=\"264\" src=\"https:\/\/www.bauundfreizeitmarkt-glowe.de\/wp-content\/uploads\/2023\/06\/garten_5.jpg\" alt=\"\" data-id=\"245\" data-full-url=\"https:\/\/www.bauundfreizeitmarkt-glowe.de\/wp-content\/uploads\/2023\/06\/garten_5.jpg\" data-link=\"https:\/\/www.bauundfreizeitmarkt-glowe.de\/?attachment_id=245\" class=\"wp-image-245\" srcset=\"https:\/\/www.bauundfreizeitmarkt-glowe.de\/wp-content\/uploads\/2023\/06\/garten_5.jpg 392w, https:\/\/www.bauundfreizeitmarkt-glowe.de\/wp-content\/uploads\/2023\/06\/garten_5-300x202.jpg 300w, https:\/\/www.bauundfreizeitmarkt-glowe.de\/wp-content\/uploads\/2023\/06\/garten_5-272x182.jpg 272w\" sizes=\"(max-width: 392px) 100vw, 392px\" \/><figcaption class=\"blocks-gallery-item__caption\">Dachrinnen<\/figcaption><\/figure><\/li><\/ul><\/figure>\n","protected":false},"excerpt":{"rendered":"<p>Pflanz- und Blumenerden D\u00fcnger Gartenger\u00e4te Z\u00e4une Gartenholz Gartenh\u00e4user Carport Pflanzenschutzmittel Pflanzgef\u00e4\u00dfe Wasserschl\u00e4uche &amp; Zubeh\u00f6r Tauchpumpen Lichtplatten &amp; Stegplatten Dachrinnen Abdeckplanen saisonal: Blumen &amp; Pflanzen Saatgut Pflanzkartoffeln Streusalz<\/p>\n","protected":false},"author":1,"featured_media":0,"parent":80,"menu_order":0,"comment_status":"closed","ping_status":"closed","template":"","meta":[],"_links":{"self":[{"href":"https:\/\/www.bauundfreizeitmarkt-glowe.de\/index.php?rest_route=\/wp\/v2\/pages\/327"}],"collection":[{"href":"https:\/\/www.bauundfreizeitmarkt-glowe.de\/index.php?rest_route=\/wp\/v2\/pages"}],"about":[{"href":"https:\/\/www.bauundfreizeitmarkt-glowe.de\/index.php?rest_route=\/wp\/v2\/types\/page"}],"author":[{"embeddable":true,"href":"https:\/\/www.bauundfreizeitmarkt-glowe.de\/index.php?rest_route=\/wp\/v2\/users\/1"}],"replies":[{"embeddable":true,"href":"https:\/\/www.bauundfreizeitmarkt-glowe.de\/index.php?rest_route=%2Fwp%2Fv2%2Fcomments&post=327"}],"version-history":[{"count":1,"href":"https:\/\/www.bauundfreizeitmarkt-glowe.de\/index.php?rest_route=\/wp\/v2\/pages\/327\/revisions"}],"predecessor-version":[{"id":328,"href":"https:\/\/www.bauundfreizeitmarkt-glowe.de\/index.php?rest_route=\/wp\/v2\/pages\/327\/revisions\/328"}],"up":[{"embeddable":true,"href":"https:\/\/www.bauundfreizeitmarkt-glowe.de\/index.php?rest_route=\/wp\/v2\/pages\/80"}],"wp:attachment":[{"href":"https:\/\/www.bauundfreizeitmarkt-glowe.de\/index.php?rest_route=%2Fwp%2Fv2%2Fmedia&parent=327"}],"curies":[{"name":"wp","href":"https:\/\/api.w.org\/{rel}","templated":true}]}}