{"id":300,"date":"2023-06-19T15:28:49","date_gmt":"2023-06-19T14:28:49","guid":{"rendered":"https:\/\/www.bauundfreizeitmarkt-glowe.de\/?page_id=300"},"modified":"2023-06-19T15:30:20","modified_gmt":"2023-06-19T14:30:20","slug":"werkzeuge","status":"publish","type":"page","link":"https:\/\/www.bauundfreizeitmarkt-glowe.de\/?page_id=300","title":{"rendered":"Werkzeuge"},"content":{"rendered":"\n<p><div id=\"xr_xr\" class=\"xr_noc\"><div id=\"xr_td\" class=\"xr_td\"><div id=\"xr_mvp_53\" class=\"xr_mvp_53 xr_bgn_52_-768_2236\"><div class=\"xr_ap xr_xri_\"><div class=\"Panel_text\" style=\"position: absolute; left:219px; top:495px; width:512px; height:10px;font-family:'Microsoft JhengHei Light';font-weight:290;font-size:16px;color:#005395;\">   <span class=\"xr_tc xr_kern Panel_text\" style=\"left: 1.31px; top: -17.21px; width: 514px;font-family:'Microsoft JhengHei Light';font-weight:290;font-size:16px;color:#005395;\">In unserer Werkzeugabteilung finden Sie eine gro\u00dfe Auswahl an <\/span>   <span class=\"xr_tc xr_kern Panel_text\" style=\"left: 108.48px; top: 4.07px; width: 295px;font-family:'Microsoft JhengHei Light';font-weight:290;font-size:16px;color:#005395;\">qualitativ hochwertigen Werkzeugen.<\/span>  <\/div><\/div><\/div><\/div><\/div><div id=\"xr_xr\" class=\"xr_noc\"><div id=\"xr_td\" class=\"xr_td\"><div id=\"xr_mvp_53\" class=\"xr_mvp_53 xr_bgn_52_-768_2236\"><div class=\"xr_ap xr_xri_\"><div class=\"Panel_text\" style=\"position: absolute; left:219px; top:495px; width:512px; height:10px;font-family:'Microsoft JhengHei Light';font-weight:290;font-size:16px;color:#005395;\">   <span class=\"xr_tc xr_kern Panel_text\" style=\"left: 1.31px; top: -17.21px; width: 514px;font-family:'Microsoft JhengHei Light';font-weight:290;font-size:16px;color:#005395;\">In unserer Werkzeugabteilung finden Sie eine gro\u00dfe Auswahl an <\/span>   <span class=\"xr_tc xr_kern Panel_text\" style=\"left: 108.48px; top: 4.07px; width: 295px;font-family:'Microsoft JhengHei Light';font-weight:290;font-size:16px;color:#005395;\">qualitativ hochwertigen Werkzeugen.<\/span>  <\/div><\/div><\/div><\/div><\/div>In unserer Werkzeugabteilung finden Sie eine gro\u00dfe Auswahl an qualitativ hochwertigen Werkzeugen. <\/p>\n\n\n\n<ul><li>Werkzeuge<\/li><li>Maurerwerkzeug<\/li><li>Bohrer<\/li><li>Schleifmittel<\/li><li>Trennscheiben<\/li><li>H\u00e4mmer<\/li><li>Zangen<\/li><li>Schraubendreher<\/li><li>Schraubenschl\u00fcssel<\/li><li>S\u00e4gen  <\/li><\/ul>\n\n\n\n<figure class=\"is-layout-flex wp-block-gallery-1 wp-block-gallery columns-3 is-cropped\"><ul class=\"blocks-gallery-grid\"><li class=\"blocks-gallery-item\"><figure><img decoding=\"async\" loading=\"lazy\" width=\"340\" height=\"304\" src=\"https:\/\/www.bauundfreizeitmarkt-glowe.de\/wp-content\/uploads\/2023\/06\/werkzeuge_2.jpg\" alt=\"\" data-id=\"193\" data-full-url=\"https:\/\/www.bauundfreizeitmarkt-glowe.de\/wp-content\/uploads\/2023\/06\/werkzeuge_2.jpg\" data-link=\"https:\/\/www.bauundfreizeitmarkt-glowe.de\/?attachment_id=193\" class=\"wp-image-193\" srcset=\"https:\/\/www.bauundfreizeitmarkt-glowe.de\/wp-content\/uploads\/2023\/06\/werkzeuge_2.jpg 340w, https:\/\/www.bauundfreizeitmarkt-glowe.de\/wp-content\/uploads\/2023\/06\/werkzeuge_2-300x268.jpg 300w\" sizes=\"(max-width: 340px) 100vw, 340px\" \/><figcaption class=\"blocks-gallery-item__caption\">S\u00e4gen<\/figcaption><\/figure><\/li><li class=\"blocks-gallery-item\"><figure><img decoding=\"async\" loading=\"lazy\" width=\"454\" height=\"284\" src=\"https:\/\/www.bauundfreizeitmarkt-glowe.de\/wp-content\/uploads\/2023\/06\/werkzeuge_3.jpg\" alt=\"\" data-id=\"194\" data-full-url=\"https:\/\/www.bauundfreizeitmarkt-glowe.de\/wp-content\/uploads\/2023\/06\/werkzeuge_3.jpg\" data-link=\"https:\/\/www.bauundfreizeitmarkt-glowe.de\/?attachment_id=194\" class=\"wp-image-194\" srcset=\"https:\/\/www.bauundfreizeitmarkt-glowe.de\/wp-content\/uploads\/2023\/06\/werkzeuge_3.jpg 454w, https:\/\/www.bauundfreizeitmarkt-glowe.de\/wp-content\/uploads\/2023\/06\/werkzeuge_3-300x188.jpg 300w, https:\/\/www.bauundfreizeitmarkt-glowe.de\/wp-content\/uploads\/2023\/06\/werkzeuge_3-436x272.jpg 436w\" sizes=\"(max-width: 454px) 100vw, 454px\" \/><figcaption class=\"blocks-gallery-item__caption\">Zangen<\/figcaption><\/figure><\/li><li class=\"blocks-gallery-item\"><figure><img decoding=\"async\" loading=\"lazy\" width=\"420\" height=\"276\" src=\"https:\/\/www.bauundfreizeitmarkt-glowe.de\/wp-content\/uploads\/2023\/06\/werkzeuge_6.jpg\" alt=\"\" data-id=\"197\" data-full-url=\"https:\/\/www.bauundfreizeitmarkt-glowe.de\/wp-content\/uploads\/2023\/06\/werkzeuge_6.jpg\" data-link=\"https:\/\/www.bauundfreizeitmarkt-glowe.de\/?attachment_id=197\" class=\"wp-image-197\" srcset=\"https:\/\/www.bauundfreizeitmarkt-glowe.de\/wp-content\/uploads\/2023\/06\/werkzeuge_6.jpg 420w, https:\/\/www.bauundfreizeitmarkt-glowe.de\/wp-content\/uploads\/2023\/06\/werkzeuge_6-300x197.jpg 300w\" sizes=\"(max-width: 420px) 100vw, 420px\" \/><figcaption class=\"blocks-gallery-item__caption\">Schraubendreher<\/figcaption><\/figure><\/li><li class=\"blocks-gallery-item\"><figure><img decoding=\"async\" loading=\"lazy\" width=\"338\" height=\"288\" src=\"https:\/\/www.bauundfreizeitmarkt-glowe.de\/wp-content\/uploads\/2023\/06\/werkzeuge_4.jpg\" alt=\"\" data-id=\"195\" data-full-url=\"https:\/\/www.bauundfreizeitmarkt-glowe.de\/wp-content\/uploads\/2023\/06\/werkzeuge_4.jpg\" data-link=\"https:\/\/www.bauundfreizeitmarkt-glowe.de\/?attachment_id=195\" class=\"wp-image-195\" srcset=\"https:\/\/www.bauundfreizeitmarkt-glowe.de\/wp-content\/uploads\/2023\/06\/werkzeuge_4.jpg 338w, https:\/\/www.bauundfreizeitmarkt-glowe.de\/wp-content\/uploads\/2023\/06\/werkzeuge_4-300x256.jpg 300w\" sizes=\"(max-width: 338px) 100vw, 338px\" \/><figcaption class=\"blocks-gallery-item__caption\">Schraubenschl\u00fcssel<\/figcaption><\/figure><\/li><li class=\"blocks-gallery-item\"><figure><img decoding=\"async\" loading=\"lazy\" width=\"412\" height=\"224\" src=\"https:\/\/www.bauundfreizeitmarkt-glowe.de\/wp-content\/uploads\/2023\/06\/werkzeuge_5.jpg\" alt=\"\" data-id=\"196\" data-full-url=\"https:\/\/www.bauundfreizeitmarkt-glowe.de\/wp-content\/uploads\/2023\/06\/werkzeuge_5.jpg\" data-link=\"https:\/\/www.bauundfreizeitmarkt-glowe.de\/?attachment_id=196\" class=\"wp-image-196\" srcset=\"https:\/\/www.bauundfreizeitmarkt-glowe.de\/wp-content\/uploads\/2023\/06\/werkzeuge_5.jpg 412w, https:\/\/www.bauundfreizeitmarkt-glowe.de\/wp-content\/uploads\/2023\/06\/werkzeuge_5-300x163.jpg 300w\" sizes=\"(max-width: 412px) 100vw, 412px\" \/><figcaption class=\"blocks-gallery-item__caption\">Bohrer<\/figcaption><\/figure><\/li><li class=\"blocks-gallery-item\"><figure><img decoding=\"async\" loading=\"lazy\" width=\"382\" height=\"254\" src=\"https:\/\/www.bauundfreizeitmarkt-glowe.de\/wp-content\/uploads\/2023\/06\/werkzeuge_1.jpg\" alt=\"\" data-id=\"192\" data-full-url=\"https:\/\/www.bauundfreizeitmarkt-glowe.de\/wp-content\/uploads\/2023\/06\/werkzeuge_1.jpg\" data-link=\"https:\/\/www.bauundfreizeitmarkt-glowe.de\/?attachment_id=192\" class=\"wp-image-192\" srcset=\"https:\/\/www.bauundfreizeitmarkt-glowe.de\/wp-content\/uploads\/2023\/06\/werkzeuge_1.jpg 382w, https:\/\/www.bauundfreizeitmarkt-glowe.de\/wp-content\/uploads\/2023\/06\/werkzeuge_1-300x199.jpg 300w, https:\/\/www.bauundfreizeitmarkt-glowe.de\/wp-content\/uploads\/2023\/06\/werkzeuge_1-272x182.jpg 272w\" sizes=\"(max-width: 382px) 100vw, 382px\" \/><figcaption class=\"blocks-gallery-item__caption\">Schleifmitel<\/figcaption><\/figure><\/li><li class=\"blocks-gallery-item\"><figure><img decoding=\"async\" loading=\"lazy\" width=\"622\" height=\"378\" src=\"https:\/\/www.bauundfreizeitmarkt-glowe.de\/wp-content\/uploads\/2023\/06\/werkzeuge_7.jpg\" alt=\"\" data-id=\"198\" data-full-url=\"https:\/\/www.bauundfreizeitmarkt-glowe.de\/wp-content\/uploads\/2023\/06\/werkzeuge_7.jpg\" data-link=\"https:\/\/www.bauundfreizeitmarkt-glowe.de\/?attachment_id=198\" class=\"wp-image-198\" srcset=\"https:\/\/www.bauundfreizeitmarkt-glowe.de\/wp-content\/uploads\/2023\/06\/werkzeuge_7.jpg 622w, https:\/\/www.bauundfreizeitmarkt-glowe.de\/wp-content\/uploads\/2023\/06\/werkzeuge_7-300x182.jpg 300w\" sizes=\"(max-width: 622px) 100vw, 622px\" \/><\/figure><\/li><\/ul><\/figure>\n\n\n\n<p><\/p>\n","protected":false},"excerpt":{"rendered":"<p>In unserer Werkzeugabteilung finden Sie eine gro\u00dfe Auswahl an qualitativ hochwertigen Werkzeugen. In unserer Werkzeugabteilung finden Sie eine gro\u00dfe Auswahl an qualitativ hochwertigen Werkzeugen. In unserer Werkzeugabteilung finden Sie eine gro\u00dfe Auswahl an qualitativ hochwertigen Werkzeugen. Werkzeuge Maurerwerkzeug Bohrer Schleifmittel Trennscheiben H\u00e4mmer Zangen Schraubendreher Schraubenschl\u00fcssel S\u00e4gen<\/p>\n","protected":false},"author":1,"featured_media":0,"parent":80,"menu_order":0,"comment_status":"closed","ping_status":"closed","template":"","meta":[],"_links":{"self":[{"href":"https:\/\/www.bauundfreizeitmarkt-glowe.de\/index.php?rest_route=\/wp\/v2\/pages\/300"}],"collection":[{"href":"https:\/\/www.bauundfreizeitmarkt-glowe.de\/index.php?rest_route=\/wp\/v2\/pages"}],"about":[{"href":"https:\/\/www.bauundfreizeitmarkt-glowe.de\/index.php?rest_route=\/wp\/v2\/types\/page"}],"author":[{"embeddable":true,"href":"https:\/\/www.bauundfreizeitmarkt-glowe.de\/index.php?rest_route=\/wp\/v2\/users\/1"}],"replies":[{"embeddable":true,"href":"https:\/\/www.bauundfreizeitmarkt-glowe.de\/index.php?rest_route=%2Fwp%2Fv2%2Fcomments&post=300"}],"version-history":[{"count":7,"href":"https:\/\/www.bauundfreizeitmarkt-glowe.de\/index.php?rest_route=\/wp\/v2\/pages\/300\/revisions"}],"predecessor-version":[{"id":308,"href":"https:\/\/www.bauundfreizeitmarkt-glowe.de\/index.php?rest_route=\/wp\/v2\/pages\/300\/revisions\/308"}],"up":[{"embeddable":true,"href":"https:\/\/www.bauundfreizeitmarkt-glowe.de\/index.php?rest_route=\/wp\/v2\/pages\/80"}],"wp:attachment":[{"href":"https:\/\/www.bauundfreizeitmarkt-glowe.de\/index.php?rest_route=%2Fwp%2Fv2%2Fmedia&parent=300"}],"curies":[{"name":"wp","href":"https:\/\/api.w.org\/{rel}","templated":true}]}}