{"id":297,"date":"2023-06-19T15:13:38","date_gmt":"2023-06-19T14:13:38","guid":{"rendered":"https:\/\/www.bauundfreizeitmarkt-glowe.de\/?page_id=297"},"modified":"2023-06-19T15:34:17","modified_gmt":"2023-06-19T14:34:17","slug":"maschinen","status":"publish","type":"page","link":"https:\/\/www.bauundfreizeitmarkt-glowe.de\/?page_id=297","title":{"rendered":"Maschinen"},"content":{"rendered":"\n<p>In unserer Maschinenabteilung finden Sie eine gro\u00dfe Auswahl an qualitativ hochwertigen Machinen.<\/p>\n\n\n\n<ul><li>Bohrmaschinen<\/li><li>Akku-Schrauber<\/li><li>Schleifger\u00e4te<\/li><li>Winkelschleifer<\/li><li>Stichs\u00e4gen<\/li><li>Handkreiss\u00e4gen<\/li><li>Motorsensen<\/li><li>Rasenm\u00e4her<\/li><li>Rasentrimmer<\/li><li>Heckenscheren<\/li><li>Elektrohobel<\/li><li>Schmutzwasserpumpen  <\/li><\/ul>\n\n\n\n<figure class=\"is-layout-flex wp-block-gallery-1 wp-block-gallery columns-3 is-cropped\"><ul class=\"blocks-gallery-grid\"><li class=\"blocks-gallery-item\"><figure><img decoding=\"async\" loading=\"lazy\" width=\"412\" height=\"292\" src=\"https:\/\/www.bauundfreizeitmarkt-glowe.de\/wp-content\/uploads\/2023\/06\/maschinen_6.jpg\" alt=\"\" data-id=\"191\" data-full-url=\"https:\/\/www.bauundfreizeitmarkt-glowe.de\/wp-content\/uploads\/2023\/06\/maschinen_6.jpg\" data-link=\"https:\/\/www.bauundfreizeitmarkt-glowe.de\/?attachment_id=191\" class=\"wp-image-191\" srcset=\"https:\/\/www.bauundfreizeitmarkt-glowe.de\/wp-content\/uploads\/2023\/06\/maschinen_6.jpg 412w, https:\/\/www.bauundfreizeitmarkt-glowe.de\/wp-content\/uploads\/2023\/06\/maschinen_6-300x213.jpg 300w\" sizes=\"(max-width: 412px) 100vw, 412px\" \/><figcaption class=\"blocks-gallery-item__caption\">Heckenscheeren<\/figcaption><\/figure><\/li><li class=\"blocks-gallery-item\"><figure><img decoding=\"async\" loading=\"lazy\" width=\"254\" height=\"324\" src=\"https:\/\/www.bauundfreizeitmarkt-glowe.de\/wp-content\/uploads\/2023\/06\/maschinen_4.jpg\" alt=\"\" data-id=\"189\" data-full-url=\"https:\/\/www.bauundfreizeitmarkt-glowe.de\/wp-content\/uploads\/2023\/06\/maschinen_4.jpg\" data-link=\"https:\/\/www.bauundfreizeitmarkt-glowe.de\/?attachment_id=189\" class=\"wp-image-189\" srcset=\"https:\/\/www.bauundfreizeitmarkt-glowe.de\/wp-content\/uploads\/2023\/06\/maschinen_4.jpg 254w, https:\/\/www.bauundfreizeitmarkt-glowe.de\/wp-content\/uploads\/2023\/06\/maschinen_4-235x300.jpg 235w\" sizes=\"(max-width: 254px) 100vw, 254px\" \/><figcaption class=\"blocks-gallery-item__caption\">Rasentrimmer<\/figcaption><\/figure><\/li><li class=\"blocks-gallery-item\"><figure><img decoding=\"async\" loading=\"lazy\" width=\"270\" height=\"284\" src=\"https:\/\/www.bauundfreizeitmarkt-glowe.de\/wp-content\/uploads\/2023\/06\/maschinen_5.jpg\" alt=\"\" data-id=\"190\" data-full-url=\"https:\/\/www.bauundfreizeitmarkt-glowe.de\/wp-content\/uploads\/2023\/06\/maschinen_5.jpg\" data-link=\"https:\/\/www.bauundfreizeitmarkt-glowe.de\/?attachment_id=190\" class=\"wp-image-190\"\/><figcaption class=\"blocks-gallery-item__caption\">Stichs\u00e4gen<\/figcaption><\/figure><\/li><li class=\"blocks-gallery-item\"><figure><img decoding=\"async\" loading=\"lazy\" width=\"364\" height=\"280\" src=\"https:\/\/www.bauundfreizeitmarkt-glowe.de\/wp-content\/uploads\/2023\/06\/maschinen_3.jpg\" alt=\"\" data-id=\"188\" data-full-url=\"https:\/\/www.bauundfreizeitmarkt-glowe.de\/wp-content\/uploads\/2023\/06\/maschinen_3.jpg\" data-link=\"https:\/\/www.bauundfreizeitmarkt-glowe.de\/?attachment_id=188\" class=\"wp-image-188\" srcset=\"https:\/\/www.bauundfreizeitmarkt-glowe.de\/wp-content\/uploads\/2023\/06\/maschinen_3.jpg 364w, https:\/\/www.bauundfreizeitmarkt-glowe.de\/wp-content\/uploads\/2023\/06\/maschinen_3-300x231.jpg 300w\" sizes=\"(max-width: 364px) 100vw, 364px\" \/><figcaption class=\"blocks-gallery-item__caption\">Schleifger\u00e4te<\/figcaption><\/figure><\/li><li class=\"blocks-gallery-item\"><figure><img decoding=\"async\" loading=\"lazy\" width=\"230\" height=\"230\" src=\"https:\/\/www.bauundfreizeitmarkt-glowe.de\/wp-content\/uploads\/2023\/06\/maschinen_2.jpg\" alt=\"\" data-id=\"187\" data-full-url=\"https:\/\/www.bauundfreizeitmarkt-glowe.de\/wp-content\/uploads\/2023\/06\/maschinen_2.jpg\" data-link=\"https:\/\/www.bauundfreizeitmarkt-glowe.de\/?attachment_id=187\" class=\"wp-image-187\" srcset=\"https:\/\/www.bauundfreizeitmarkt-glowe.de\/wp-content\/uploads\/2023\/06\/maschinen_2.jpg 230w, https:\/\/www.bauundfreizeitmarkt-glowe.de\/wp-content\/uploads\/2023\/06\/maschinen_2-150x150.jpg 150w\" sizes=\"(max-width: 230px) 100vw, 230px\" \/><figcaption class=\"blocks-gallery-item__caption\">Akku-Schrauber<\/figcaption><\/figure><\/li><li class=\"blocks-gallery-item\"><figure><img decoding=\"async\" loading=\"lazy\" width=\"294\" height=\"276\" src=\"https:\/\/www.bauundfreizeitmarkt-glowe.de\/wp-content\/uploads\/2023\/06\/maschinen_1.jpg\" alt=\"\" data-id=\"186\" data-full-url=\"https:\/\/www.bauundfreizeitmarkt-glowe.de\/wp-content\/uploads\/2023\/06\/maschinen_1.jpg\" data-link=\"https:\/\/www.bauundfreizeitmarkt-glowe.de\/?attachment_id=186\" class=\"wp-image-186\"\/><figcaption class=\"blocks-gallery-item__caption\">Bohrmaschinen<\/figcaption><\/figure><\/li><li class=\"blocks-gallery-item\"><figure><img decoding=\"async\" loading=\"lazy\" width=\"498\" height=\"319\" src=\"https:\/\/www.bauundfreizeitmarkt-glowe.de\/wp-content\/uploads\/2023\/04\/sortiment_maschinen.jpg\" alt=\"\" data-id=\"91\" data-full-url=\"https:\/\/www.bauundfreizeitmarkt-glowe.de\/wp-content\/uploads\/2023\/04\/sortiment_maschinen.jpg\" data-link=\"https:\/\/www.bauundfreizeitmarkt-glowe.de\/?attachment_id=91#main\" class=\"wp-image-91\" srcset=\"https:\/\/www.bauundfreizeitmarkt-glowe.de\/wp-content\/uploads\/2023\/04\/sortiment_maschinen.jpg 498w, https:\/\/www.bauundfreizeitmarkt-glowe.de\/wp-content\/uploads\/2023\/04\/sortiment_maschinen-300x192.jpg 300w\" sizes=\"(max-width: 498px) 100vw, 498px\" \/><figcaption class=\"blocks-gallery-item__caption\">Maschinen<\/figcaption><\/figure><\/li><\/ul><\/figure>\n","protected":false},"excerpt":{"rendered":"<p>In unserer Maschinenabteilung finden Sie eine gro\u00dfe Auswahl an qualitativ hochwertigen Machinen. Bohrmaschinen Akku-Schrauber Schleifger\u00e4te Winkelschleifer Stichs\u00e4gen Handkreiss\u00e4gen Motorsensen Rasenm\u00e4her Rasentrimmer Heckenscheren Elektrohobel Schmutzwasserpumpen<\/p>\n","protected":false},"author":1,"featured_media":0,"parent":80,"menu_order":0,"comment_status":"closed","ping_status":"closed","template":"","meta":[],"_links":{"self":[{"href":"https:\/\/www.bauundfreizeitmarkt-glowe.de\/index.php?rest_route=\/wp\/v2\/pages\/297"}],"collection":[{"href":"https:\/\/www.bauundfreizeitmarkt-glowe.de\/index.php?rest_route=\/wp\/v2\/pages"}],"about":[{"href":"https:\/\/www.bauundfreizeitmarkt-glowe.de\/index.php?rest_route=\/wp\/v2\/types\/page"}],"author":[{"embeddable":true,"href":"https:\/\/www.bauundfreizeitmarkt-glowe.de\/index.php?rest_route=\/wp\/v2\/users\/1"}],"replies":[{"embeddable":true,"href":"https:\/\/www.bauundfreizeitmarkt-glowe.de\/index.php?rest_route=%2Fwp%2Fv2%2Fcomments&post=297"}],"version-history":[{"count":2,"href":"https:\/\/www.bauundfreizeitmarkt-glowe.de\/index.php?rest_route=\/wp\/v2\/pages\/297\/revisions"}],"predecessor-version":[{"id":309,"href":"https:\/\/www.bauundfreizeitmarkt-glowe.de\/index.php?rest_route=\/wp\/v2\/pages\/297\/revisions\/309"}],"up":[{"embeddable":true,"href":"https:\/\/www.bauundfreizeitmarkt-glowe.de\/index.php?rest_route=\/wp\/v2\/pages\/80"}],"wp:attachment":[{"href":"https:\/\/www.bauundfreizeitmarkt-glowe.de\/index.php?rest_route=%2Fwp%2Fv2%2Fmedia&parent=297"}],"curies":[{"name":"wp","href":"https:\/\/api.w.org\/{rel}","templated":true}]}}