{"id":147,"date":"2023-04-19T11:58:02","date_gmt":"2023-04-19T10:58:02","guid":{"rendered":"https:\/\/www.bauundfreizeitmarkt-glowe.de\/?page_id=147"},"modified":"2023-04-19T11:58:03","modified_gmt":"2023-04-19T10:58:03","slug":"impressum","status":"publish","type":"page","link":"https:\/\/www.bauundfreizeitmarkt-glowe.de\/?page_id=147","title":{"rendered":"Impressum"},"content":{"rendered":"\n<div class=\"is-layout-flow wp-block-group\"><div class=\"wp-block-group__inner-container\">\n<figure class=\"wp-block-table is-style-regular\"><table><tbody><tr><td>Verantwortlich f\u00fcr die Inhalte<\/td><td>BAU- &amp; FREIZEITMARKT Glowe GmbH <br>R\u00fcgen Radio 21a, 18551 Glowe\/R\u00fcgen <br>Telefon: (038302) 71967 <br>Telefax:  (038302) 71969 <br>E-Mail: <a href=\"mailto:info@bauundfreizeitmarkt-glowe.de\">info@bauundfreizeitmarkt-glowe.de<\/a><\/td><\/tr><tr><td>Gesetzlicher Vertreter<\/td><td>Mario Weckm\u00fcller (Gesch\u00e4ftsf\u00fchrer)<\/td><\/tr><tr><td>Handelsregister<\/td><td>Handelsregister Stralsund, HRB 5519<\/td><\/tr><tr><td>Kammer<\/td><td>IHK zu Rostock<\/td><\/tr><tr><td>Aufsichtsbeh\u00f6rde<\/td><td>Gewerbeamt Nord R\u00fcgen<\/td><\/tr><tr><td>Bildnachweis<\/td><td>BAU- &amp; FREIZEITMARKT Glowe GmbH<\/td><\/tr><tr><td>USt-IdNr.<\/td><td>DE 197595450<\/td><\/tr><\/tbody><\/table><\/figure>\n<\/div><\/div>\n\n\n\n<h2>Haftung f\u00fcr Inhalte<\/h2>\n\n\n\n<p>Als Diensteanbieter sind wir gem\u00e4\u00df \u00a7 7 Abs.1 TMG f\u00fcr eigene Inhalte auf diesen Seiten nach den    allgemeinen Gesetzen verantwortlich. Nach \u00a7\u00a7 8 bis 10 TMG sind wir als Diensteanbieter jedoch   nicht verpflichtet, \u00fcbermittelte oder gespeicherte fremde Informationen zu \u00fcberwachen oder nach   Umst\u00e4nden zu forschen, die auf eine rechtswidrige T\u00e4tigkeit hinweisen. Verpflichtungen zur Entfernung   oder Sperrung der Nutzung von Informationen nach den allgemeinen Gesetzen bleiben hiervon   unber\u00fchrt. Eine diesbez\u00fcgliche Haftung ist jedoch erst ab dem Zeitpunkt der Kenntnis einer konkreten   Rechtsverletzung m\u00f6glich. Bei Bekanntwerden von entsprechenden Rechtsverletzungen werden wir    diese Inhalte umgehend entfernen.<\/p>\n\n\n\n<h2>Haftung f\u00fcr Links<\/h2>\n\n\n\n<p>Unser Angebot enth\u00e4lt Links zu externen Webseiten Dritter, auf deren Inhalte wir keinen Einfluss haben.   Deshalb k\u00f6nnen wir f\u00fcr diese fremden Inhalte auch keine Gew\u00e4hr \u00fcbernehmen. F\u00fcr die Inhalte der    verlinkten Seiten ist stets der jeweilige Anbieter oder Betreiber der Seiten verantwortlich. Die verlinkten   Seiten wurden zum Zeitpunkt der Verlinkung auf m\u00f6gliche Rechtsverst\u00f6\u00dfe \u00fcberpr\u00fcft. Rechtswidrige Inhalte   waren zum Zeitpunkt der Verlinkung nicht erkennbar. Eine permanente inhaltliche Kontrolle der verlinkten   Seiten ist jedoch ohne konkrete Anhaltspunkte einer Rechtsverletzung nicht zumutbar. Bei Bekanntwerden von    Rechtsverletzungen werden wir derartige Links umgehend entfernen.<\/p>\n\n\n\n<h2>Urheberrecht<\/h2>\n\n\n\n<p>Die durch die Seitenbetreiber erstellten Inhalte und Werke auf diesen Seiten unterliegen dem deutschen   Urheberrecht. Die Vervielf\u00e4ltigung, Bearbeitung, Verbreitung und jede Art der Verwertung au\u00dferhalb der   Grenzen des Urheberrechtes bed\u00fcrfen der schriftlichen Zustimmung des jeweiligen Autors bzw. Erstellers.   Downloads und Kopien dieser Seite sind nur f\u00fcr den privaten, nicht kommerziellen Gebrauch gestattet.    Soweit die Inhalte auf dieser Seite nicht vom Betreiber erstellt wurden, werden die Urheberrechte Dritter   beachtet. Insbesondere werden Inhalte Dritter als solche gekennzeichnet. Sollten Sie trotzdem auf eine    Urheberrechtsverletzung aufmerksam werden, bitten wir um einen entsprechenden Hinweis.    Bei Bekanntwerden von Rechtsverletzungen werden wir derartige Inhalte umgehend entfernen.<\/p>\n","protected":false},"excerpt":{"rendered":"<p>Verantwortlich f\u00fcr die Inhalte BAU- &amp; FREIZEITMARKT Glowe GmbH R\u00fcgen Radio 21a, 18551 Glowe\/R\u00fcgen Telefon: (038302) 71967 Telefax: (038302) 71969 E-Mail: info@bauundfreizeitmarkt-glowe.de Gesetzlicher Vertreter Mario Weckm\u00fcller (Gesch\u00e4ftsf\u00fchrer) Handelsregister Handelsregister Stralsund, HRB 5519 Kammer IHK zu Rostock Aufsichtsbeh\u00f6rde Gewerbeamt Nord R\u00fcgen Bildnachweis BAU- &amp; FREIZEITMARKT Glowe GmbH USt-IdNr. DE 197595450 Haftung f\u00fcr Inhalte Als Diensteanbieter sind [&hellip;]<\/p>\n","protected":false},"author":1,"featured_media":0,"parent":0,"menu_order":0,"comment_status":"closed","ping_status":"closed","template":"","meta":[],"_links":{"self":[{"href":"https:\/\/www.bauundfreizeitmarkt-glowe.de\/index.php?rest_route=\/wp\/v2\/pages\/147"}],"collection":[{"href":"https:\/\/www.bauundfreizeitmarkt-glowe.de\/index.php?rest_route=\/wp\/v2\/pages"}],"about":[{"href":"https:\/\/www.bauundfreizeitmarkt-glowe.de\/index.php?rest_route=\/wp\/v2\/types\/page"}],"author":[{"embeddable":true,"href":"https:\/\/www.bauundfreizeitmarkt-glowe.de\/index.php?rest_route=\/wp\/v2\/users\/1"}],"replies":[{"embeddable":true,"href":"https:\/\/www.bauundfreizeitmarkt-glowe.de\/index.php?rest_route=%2Fwp%2Fv2%2Fcomments&post=147"}],"version-history":[{"count":2,"href":"https:\/\/www.bauundfreizeitmarkt-glowe.de\/index.php?rest_route=\/wp\/v2\/pages\/147\/revisions"}],"predecessor-version":[{"id":149,"href":"https:\/\/www.bauundfreizeitmarkt-glowe.de\/index.php?rest_route=\/wp\/v2\/pages\/147\/revisions\/149"}],"wp:attachment":[{"href":"https:\/\/www.bauundfreizeitmarkt-glowe.de\/index.php?rest_route=%2Fwp%2Fv2%2Fmedia&parent=147"}],"curies":[{"name":"wp","href":"https:\/\/api.w.org\/{rel}","templated":true}]}}