{"id":134,"date":"2023-04-19T11:33:58","date_gmt":"2023-04-19T10:33:58","guid":{"rendered":"https:\/\/www.bauundfreizeitmarkt-glowe.de\/?page_id=134"},"modified":"2023-04-19T11:33:58","modified_gmt":"2023-04-19T10:33:58","slug":"das-unternehemen","status":"publish","type":"page","link":"https:\/\/www.bauundfreizeitmarkt-glowe.de\/?page_id=134","title":{"rendered":"Das Unternehemen"},"content":{"rendered":"\n<div class=\"wp-block-image is-style-default\"><figure class=\"alignright size-medium\"><img decoding=\"async\" loading=\"lazy\" width=\"300\" height=\"241\" src=\"https:\/\/www.bauundfreizeitmarkt-glowe.de\/wp-content\/uploads\/2023\/04\/mario_weckmueller-300x241.jpg\" alt=\"\" class=\"wp-image-135\" srcset=\"https:\/\/www.bauundfreizeitmarkt-glowe.de\/wp-content\/uploads\/2023\/04\/mario_weckmueller-300x241.jpg 300w, https:\/\/www.bauundfreizeitmarkt-glowe.de\/wp-content\/uploads\/2023\/04\/mario_weckmueller.jpg 622w\" sizes=\"(max-width: 300px) 100vw, 300px\" \/><\/figure><\/div>\n\n\n\n<p>Die Bau- und Freizeitmarkt Glowe GmbH ist hervorgegangen aus der ehemaligen Dimex Handels- und Verwaltungs GmbH, die am 13.06.2002 an diesem Standort von dem auch heutigen gesch\u00e4ftsf\u00fchrenden Gesellschafter Mario Weckm\u00fcller gegr\u00fcndet wurde. Wir sind ans\u00e4ssig in 18551 Glowe, R\u00fcgen Radio 21a, auf der sch\u00f6nen Ostseeinsel R\u00fcgen. <\/p>\n\n\n\n<p>Es stehen eine Halle mit 1.250 qm, von denen zur Zeit 400 qm als Verkaufsfl\u00e4che und 850 qm als Lagerfl\u00e4che genutzt werden, sowie 2830 qm an Freifl\u00e4chen, darunter 1080 qm Wiesenfl\u00e4chen, zur Verf\u00fcgung. <\/p>\n\n\n\n<p>Es handelt sich bei unserem Markt um ein mittelst\u00e4ndisches, inhabergef\u00fchrtes Familienunternehmen, dass sich in den Jahren seiner Existenz flexibel auf die Bed\u00fcrfnisse seiner Kunden eingestellt hat. Diese Bed\u00fcrfnisse werden nicht zuletzt von dem Standort gepr\u00e4gt, der unmittelbar an der Durchgangsstra\u00dfe zu einem der sch\u00f6nsten Feriengebiete auf der Insel R\u00fcgen liegt. <\/p>\n\n\n\n<p>W\u00e4hrend kurz nach der Gr\u00fcndung des Unternehmens ein Gro\u00dfteil der Kunden Gewerbetreibende waren , dominieren heute die Endverbraucher, d. h. Heimwerker, Gartenfreunde, Angler, Camper, Strandliebhaber etc.. Unser Markt wird nicht nur von den Einheimischen sondern vor allem auch von den Touristen gerne aufgesucht. <\/p>\n\n\n\n<p>Die St\u00e4rken unseres Marktes liegen, wenn wir unseren Kunden glauben d\u00fcrfen, in dem breiten Sortiment, das weit \u00fcber das Angebot eines klassischen Baumarktes hinausgeht, in der freundlichen Bedienung und der fachkundigen Beratung durch unser Team im urspr\u00fcnglichen Sinne des Wortes. Bei uns ist der Kunde nach wie vor K\u00f6nig. Und falls wir trotz unseres breiten Sortiments ihren W\u00fcnschen nicht sofort entsprechen k\u00f6nnen, werden wir daf\u00fcr sorgen, dass Sie kurzfristig zufrieden gestellt werden. <\/p>\n\n\n\n<p>Wir hoffen, dass wir Ihr Interesse geweckt haben. Dann schauen Sie doch einfach auf einen Besuch bei uns vorbei. <\/p>\n\n\n\n<p>Wir w\u00fcrden uns freuen Sie als Kunden begr\u00fc\u00dfen zu d\u00fcrfen. <\/p>\n","protected":false},"excerpt":{"rendered":"<p>Die Bau- und Freizeitmarkt Glowe GmbH ist hervorgegangen aus der ehemaligen Dimex Handels- und Verwaltungs GmbH, die am 13.06.2002 an diesem Standort von dem auch heutigen gesch\u00e4ftsf\u00fchrenden Gesellschafter Mario Weckm\u00fcller gegr\u00fcndet wurde. Wir sind ans\u00e4ssig in 18551 Glowe, R\u00fcgen Radio 21a, auf der sch\u00f6nen Ostseeinsel R\u00fcgen. Es stehen eine Halle mit 1.250 qm, von denen [&hellip;]<\/p>\n","protected":false},"author":1,"featured_media":0,"parent":0,"menu_order":0,"comment_status":"closed","ping_status":"closed","template":"","meta":[],"_links":{"self":[{"href":"https:\/\/www.bauundfreizeitmarkt-glowe.de\/index.php?rest_route=\/wp\/v2\/pages\/134"}],"collection":[{"href":"https:\/\/www.bauundfreizeitmarkt-glowe.de\/index.php?rest_route=\/wp\/v2\/pages"}],"about":[{"href":"https:\/\/www.bauundfreizeitmarkt-glowe.de\/index.php?rest_route=\/wp\/v2\/types\/page"}],"author":[{"embeddable":true,"href":"https:\/\/www.bauundfreizeitmarkt-glowe.de\/index.php?rest_route=\/wp\/v2\/users\/1"}],"replies":[{"embeddable":true,"href":"https:\/\/www.bauundfreizeitmarkt-glowe.de\/index.php?rest_route=%2Fwp%2Fv2%2Fcomments&post=134"}],"version-history":[{"count":3,"href":"https:\/\/www.bauundfreizeitmarkt-glowe.de\/index.php?rest_route=\/wp\/v2\/pages\/134\/revisions"}],"predecessor-version":[{"id":138,"href":"https:\/\/www.bauundfreizeitmarkt-glowe.de\/index.php?rest_route=\/wp\/v2\/pages\/134\/revisions\/138"}],"wp:attachment":[{"href":"https:\/\/www.bauundfreizeitmarkt-glowe.de\/index.php?rest_route=%2Fwp%2Fv2%2Fmedia&parent=134"}],"curies":[{"name":"wp","href":"https:\/\/api.w.org\/{rel}","templated":true}]}}